{"id":7,"date":"2022-10-21T00:03:05","date_gmt":"2022-10-20T22:03:05","guid":{"rendered":"https:\/\/zibuss.de\/?page_id=7"},"modified":"2022-10-25T23:14:08","modified_gmt":"2022-10-25T21:14:08","slug":"deine-private-beratungssesion","status":"publish","type":"page","link":"https:\/\/zibuss.de\/deine-private-beratungssesion\/","title":{"rendered":"Deine private Beratungssesion"},"content":{"rendered":"<p><span style=\"width: 100%;\"><img decoding=\"async\" alt=\"\" width=\"300\" height=\"202\" title=\"Logo\" data-id=\"17\" src=\"https:\/\/zibuss.de\/wp-content\/uploads\/2022\/10\/Logo.jpg\" style=\"\" data-width=\"300\" data-height=\"202\" data-init-width=\"682\" data-init-height=\"459\" loading=\"lazy\"><\/span><\/p>\n<p data-tve-custom-colour=\"67980065\" style=\"text-align: center;\"><strong>DEIN PRIVATES BERATUNGSGESPR\u00c4CH<\/strong><\/p>\n<p data-tve-custom-colour=\"67980065\">Liebe Freundin, lieber Freund,<\/p>\n<p data-tve-custom-colour=\"67980065\">\n<p data-tve-custom-colour=\"67980065\">wenn du <strong>diese Seite hier<\/strong> gefunden hast, dann haben wir uns entweder <u>pers\u00f6nlich<\/u> unterhalten ODER ich wurde dir <u>privat<\/u> von jemandem aus deinem Bekanntenkreis empfohlen.&nbsp;<\/p>\n<p data-tve-custom-colour=\"52924554\" style=\"text-align: left;\">Wie auch immer &#8211; du bist hier, weil du wei\u00dft, <strong>was ich tue<\/strong> und was ich dir und deinem Fitnessstudio&nbsp;<strong>erm\u00f6glichen<\/strong> kann.<\/p>\n<p data-tve-custom-colour=\"52924554\" style=\"text-align: left;\">Und da wir beide <em>direkten oder indirekten Kontakt<\/em> hatten und das hier meine Seite f\u00fcr <strong>&#8222;Familie &amp;&nbsp;Freunde&#8220;<\/strong> ist, werde ich <em>dir gern den Vorzug<\/em> vor allen <strong>&#8222;<\/strong><strong>externen Bewerbern<\/strong><strong>&#8222;<\/strong> geben, falls du dieses <u>kostenlose Angebot<\/u> hier annimmst:<\/p>\n<h1 style=\"text-align: center;\"><strong>M\u00f6chtest du, dass ich dir online mindestens 30 Leads pro Monat generiere ohne dass du mehrere tausend &nbsp;Euro in Werbeanzeigen investieren musst?<\/strong><\/h1>\n<h1 style=\"text-align: center;\"><strong>&#8230; und das vollkommen KOSTENLOS?<\/strong><\/h1>\n<p data-tve-custom-colour=\"67980065\">Ich habe mir in den&nbsp;<strong>n\u00e4chsten 48 Stunden<\/strong> ein wenig Zeit freigehalten, um mit dir pers\u00f6nlich dar\u00fcber zu sprechen, wie wir monatlich mindestens 30 Leads f\u00fcr dein Fitnessstudio generieren.<\/p>\n<p data-tve-custom-colour=\"52924554\" style=\"\">W\u00e4hrend diesem&nbsp;<strong>Beratungsgespr\u00e4ch<\/strong> werden wir gemeinsam daran arbeiten, einen <u>Schritt-f\u00fcr-Schritt-Plan<\/u> zu entwickeln, mit dem du es schaffen kannst,&nbsp;&nbsp;<strong>monatlich mehr und bessere Kunden zu gewinnen<\/strong><span style=\"font-size: 18px;\"> ohne l\u00e4stiges Flyer verteilen oder teure Plakatwerbung zu schalten.<\/span><\/p>\n<h1><strong>Ich helfe dir sogar kostenlos!<\/strong><\/h1>\n<p data-tve-custom-colour=\"67980065\">Und keine Angst, ich habe nicht vor, deine Zeit zu verschwenden &#8211; ganz im Gegenteil. Ich bin so&nbsp;<strong>\u00fcberzeugt<\/strong> davon, dir helfen zu k\u00f6nnen, dass ich dir folgendes anbiete&#8230;<\/p>\n<h1><strong>Mein Versprechen:<\/strong><\/h1>\n<p data-tve-custom-colour=\"67980065\">Wenn du nach unserem Gespr\u00e4ch nicht siehst, wie es auch f\u00fcr dich m\u00f6glich sein sollte, online monatlich mind. 30 neue Kundenanfragen zu generieren, dann sende ich dir sofort <strong>300,- Euro<\/strong><u>als <\/u><u>Kompensation<\/u> f\u00fcr deine &#8222;verschwendete Zeit&#8220; zu\u2026<\/p>\n<h2><strong>Achtung: Das hier ist nichts f\u00fcr jeden!<\/strong><\/h2>\n<ul>\n<li><span>Du musst <strong>qualifizierte Fitnesstrainer<\/strong> haben, die deine neuen Mitglieder <strong>einfach<\/strong> und <strong>richtig<\/strong> an Ger\u00e4te und Hanteln heranf\u00fchrt.<\/span><\/li>\n<li><span>Du musst in dem was du tust, <strong>richtig gut sein&nbsp;<\/strong>und echte, <span style=\"text-decoration: underline;\">wertvolle Resultate<\/span> f\u00fcr deine Mitglieder liefern k\u00f6nnen.<\/span><\/li>\n<li><span>Du musst offen daf\u00fcr sein, ab sofort <strong>planm\u00e4\u00dfig neue Kundenanfragen<\/strong> zu generieren und damit deine Ums\u00e4tze massiv zu steigern.<\/span><\/li>\n<li><span>Du musst <strong>komfortabel<\/strong> mit dem Gedanken sein, aktiv in Performance Werbeanzeigen zu investieren um <strong>automatisiert Kunden zu gewinnen.<\/strong><\/span><\/li>\n<li><span>Dein Angebot muss vollkommen <strong>individuell<\/strong> und <strong>vielf\u00e4ltig<\/strong> sein &#8211; Deine Mitglieder k\u00f6nnen sowohl an <strong>Ger\u00e4ten<\/strong> als auch an <strong>freien Hanteln<\/strong> trainieren.<\/span><\/li>\n<\/ul>\n<p style=\"text-align: center;\">Wenn du dich darin erkennst, dann <u>klicke jetzt auf den Button!<\/u><\/p>\n<p>Ich freue mich darauf, dich schon bald <u>pers\u00f6nlich<\/u> beraten zu d\u00fcrfen!<\/p>\n<p><span style=\"font-family: Pacifico; font-weight: 400;\"><span><em><span>&#8211; Nico &#8211;<\/span><\/em><\/span><\/span><span style=\"font-family: &quot;Just Another Hand&quot;; font-weight: 400;\"><em> <\/em><\/span><\/p>\n<p><strong>Nico Bu\u00df<\/strong><\/p>\n<p style=\"text-align: center;\"><em>Dein <\/em><em>Experte f\u00fcr digitale Neukundengewinnung f\u00fcr Fitnessstudios&nbsp;<\/em><\/p>\n<p><span style=\"width: 100%;\"><img decoding=\"async\" alt=\"\" width=\"280\" height=\"342\" title=\"Nico Bu\u00df\" data-id=\"20\" src=\"https:\/\/zibuss.de\/wp-content\/uploads\/2022\/10\/Nico-Buss.jpg\" style=\"\" data-width=\"280\" data-height=\"342\" data-init-width=\"767\" data-init-height=\"937\" loading=\"lazy\"><\/span><\/p>\n<p>Copyright \u00a9 2022<span style=\"color: rgb(167, 167, 167);\"><a href=\"\/impressum\" style=\"outline: none;\"><span>Impressum, Datenschutzerkl\u00e4rung &amp; AGB<\/span><\/a><\/span><\/p>\n","protected":false},"excerpt":{"rendered":"<p>DEIN PRIVATES BERATUNGSGESPR\u00c4CH Liebe Freundin, lieber Freund, wenn du diese Seite hier gefunden hast, dann haben wir uns entweder pers\u00f6nlich unterhalten ODER ich wurde dir privat von jemandem aus deinem Bekanntenkreis empfohlen.&nbsp; Wie auch immer &#8211; du bist hier, weil du wei\u00dft, was ich tue und was ich dir und deinem Fitnessstudio&nbsp;erm\u00f6glichen kann. Und da [&hellip;]<\/p>\n","protected":false},"author":1,"featured_media":0,"parent":0,"menu_order":0,"comment_status":"closed","ping_status":"closed","template":"","meta":{"footnotes":""},"class_list":["post-7","page","type-page","status-publish","hentry"],"yoast_head":"<!-- This site is optimized with the Yoast SEO plugin v19.8 - https:\/\/yoast.com\/wordpress\/plugins\/seo\/ -->\n<title>Deine private Beratungssesion - zibuss.de<\/title>\n<meta name=\"robots\" content=\"index, follow, max-snippet:-1, max-image-preview:large, max-video-preview:-1\" \/>\n<link rel=\"canonical\" href=\"https:\/\/zibuss.de\/deine-private-beratungssesion\/\" \/>\n<meta property=\"og:locale\" content=\"de_DE\" \/>\n<meta property=\"og:type\" content=\"article\" \/>\n<meta property=\"og:title\" content=\"Dein Beratungsgespr\u00e4ch um mehr Kundenanfragen f\u00fcr dein Fitnessstudio zu erhalten\" \/>\n<meta property=\"og:description\" content=\"wenn du diese Seite hier gefunden hast, dann haben wir uns entweder pers\u00f6nlich unterhalten ODER ich wurde dir privat von jemandem aus deinem Bekanntenkreis empfohlen.\" \/>\n<meta property=\"og:url\" content=\"https:\/\/zibuss.de\/deine-private-beratungssesion\/\" \/>\n<meta property=\"og:site_name\" content=\"zibuss.de\" \/>\n<meta property=\"article:modified_time\" content=\"2022-10-25T21:14:08+00:00\" \/>\n<meta property=\"og:image\" content=\"https:\/\/zibuss.de\/wp-content\/uploads\/2022\/10\/Logo.jpg\" \/>\n\t<meta property=\"og:image:width\" content=\"682\" \/>\n\t<meta property=\"og:image:height\" content=\"459\" \/>\n\t<meta property=\"og:image:type\" content=\"image\/jpeg\" \/>\n<meta name=\"twitter:card\" content=\"summary_large_image\" \/>\n<meta name=\"twitter:label1\" content=\"Gesch\u00e4tzte Lesezeit\" \/>\n\t<meta name=\"twitter:data1\" content=\"3\u00a0Minuten\" \/>\n<script type=\"application\/ld+json\" class=\"yoast-schema-graph\">{\"@context\":\"https:\/\/schema.org\",\"@graph\":[{\"@type\":\"WebPage\",\"@id\":\"https:\/\/zibuss.de\/deine-private-beratungssesion\/\",\"url\":\"https:\/\/zibuss.de\/deine-private-beratungssesion\/\",\"name\":\"Deine private Beratungssesion - zibuss.de\",\"isPartOf\":{\"@id\":\"https:\/\/zibuss.de\/deine-private-beratungssesion\/#website\"},\"datePublished\":\"2022-10-20T22:03:05+00:00\",\"dateModified\":\"2022-10-25T21:14:08+00:00\",\"breadcrumb\":{\"@id\":\"https:\/\/zibuss.de\/deine-private-beratungssesion\/#breadcrumb\"},\"inLanguage\":\"de\",\"potentialAction\":[{\"@type\":\"ReadAction\",\"target\":[\"https:\/\/zibuss.de\/deine-private-beratungssesion\/\"]}]},{\"@type\":\"BreadcrumbList\",\"@id\":\"https:\/\/zibuss.de\/deine-private-beratungssesion\/#breadcrumb\",\"itemListElement\":[{\"@type\":\"ListItem\",\"position\":1,\"name\":\"Startseite\",\"item\":\"https:\/\/zibuss.de\/deine-private-beratungssesion\/\"},{\"@type\":\"ListItem\",\"position\":2,\"name\":\"Deine private Beratungssesion\"}]},{\"@type\":\"WebSite\",\"@id\":\"https:\/\/zibuss.de\/deine-private-beratungssesion\/#website\",\"url\":\"https:\/\/zibuss.de\/deine-private-beratungssesion\/\",\"name\":\"zibuss.de\",\"description\":\"Wie du Online mehr Mitglieder f\u00fcr Dein Fitnesstudio systematisch generierst.\",\"potentialAction\":[{\"@type\":\"SearchAction\",\"target\":{\"@type\":\"EntryPoint\",\"urlTemplate\":\"https:\/\/zibuss.de\/deine-private-beratungssesion\/?s={search_term_string}\"},\"query-input\":\"required name=search_term_string\"}],\"inLanguage\":\"de\"}]}<\/script>\n<!-- \/ Yoast SEO plugin. -->","yoast_head_json":{"title":"Deine private Beratungssesion - zibuss.de","robots":{"index":"index","follow":"follow","max-snippet":"max-snippet:-1","max-image-preview":"max-image-preview:large","max-video-preview":"max-video-preview:-1"},"canonical":"https:\/\/zibuss.de\/deine-private-beratungssesion\/","og_locale":"de_DE","og_type":"article","og_title":"Dein Beratungsgespr\u00e4ch um mehr Kundenanfragen f\u00fcr dein Fitnessstudio zu erhalten","og_description":"wenn du diese Seite hier gefunden hast, dann haben wir uns entweder pers\u00f6nlich unterhalten ODER ich wurde dir privat von jemandem aus deinem Bekanntenkreis empfohlen.","og_url":"https:\/\/zibuss.de\/deine-private-beratungssesion\/","og_site_name":"zibuss.de","article_modified_time":"2022-10-25T21:14:08+00:00","og_image":[{"width":682,"height":459,"url":"https:\/\/zibuss.de\/wp-content\/uploads\/2022\/10\/Logo.jpg","type":"image\/jpeg"}],"twitter_card":"summary_large_image","twitter_misc":{"Gesch\u00e4tzte Lesezeit":"3\u00a0Minuten"},"schema":{"@context":"https:\/\/schema.org","@graph":[{"@type":"WebPage","@id":"https:\/\/zibuss.de\/deine-private-beratungssesion\/","url":"https:\/\/zibuss.de\/deine-private-beratungssesion\/","name":"Deine private Beratungssesion - zibuss.de","isPartOf":{"@id":"https:\/\/zibuss.de\/deine-private-beratungssesion\/#website"},"datePublished":"2022-10-20T22:03:05+00:00","dateModified":"2022-10-25T21:14:08+00:00","breadcrumb":{"@id":"https:\/\/zibuss.de\/deine-private-beratungssesion\/#breadcrumb"},"inLanguage":"de","potentialAction":[{"@type":"ReadAction","target":["https:\/\/zibuss.de\/deine-private-beratungssesion\/"]}]},{"@type":"BreadcrumbList","@id":"https:\/\/zibuss.de\/deine-private-beratungssesion\/#breadcrumb","itemListElement":[{"@type":"ListItem","position":1,"name":"Startseite","item":"https:\/\/zibuss.de\/deine-private-beratungssesion\/"},{"@type":"ListItem","position":2,"name":"Deine private Beratungssesion"}]},{"@type":"WebSite","@id":"https:\/\/zibuss.de\/deine-private-beratungssesion\/#website","url":"https:\/\/zibuss.de\/deine-private-beratungssesion\/","name":"zibuss.de","description":"Wie du Online mehr Mitglieder f\u00fcr Dein Fitnesstudio systematisch generierst.","potentialAction":[{"@type":"SearchAction","target":{"@type":"EntryPoint","urlTemplate":"https:\/\/zibuss.de\/deine-private-beratungssesion\/?s={search_term_string}"},"query-input":"required name=search_term_string"}],"inLanguage":"de"}]}},"_links":{"self":[{"href":"https:\/\/zibuss.de\/deine-private-beratungssesion\/wp-json\/wp\/v2\/pages\/7","targetHints":{"allow":["GET"]}}],"collection":[{"href":"https:\/\/zibuss.de\/deine-private-beratungssesion\/wp-json\/wp\/v2\/pages"}],"about":[{"href":"https:\/\/zibuss.de\/deine-private-beratungssesion\/wp-json\/wp\/v2\/types\/page"}],"author":[{"embeddable":true,"href":"https:\/\/zibuss.de\/deine-private-beratungssesion\/wp-json\/wp\/v2\/users\/1"}],"replies":[{"embeddable":true,"href":"https:\/\/zibuss.de\/deine-private-beratungssesion\/wp-json\/wp\/v2\/comments?post=7"}],"version-history":[{"count":10,"href":"https:\/\/zibuss.de\/deine-private-beratungssesion\/wp-json\/wp\/v2\/pages\/7\/revisions"}],"predecessor-version":[{"id":60,"href":"https:\/\/zibuss.de\/deine-private-beratungssesion\/wp-json\/wp\/v2\/pages\/7\/revisions\/60"}],"wp:attachment":[{"href":"https:\/\/zibuss.de\/deine-private-beratungssesion\/wp-json\/wp\/v2\/media?parent=7"}],"curies":[{"name":"wp","href":"https:\/\/api.w.org\/{rel}","templated":true}]}}